{"id":51,"date":"2025-02-11T09:53:09","date_gmt":"2025-02-11T13:53:09","guid":{"rendered":"https:\/\/construccionesanaco.com\/home\/?page_id=51"},"modified":"2025-03-20T11:32:06","modified_gmt":"2025-03-20T15:32:06","slug":"metalmecanica","status":"publish","type":"page","link":"https:\/\/construccionesanaco.com\/home\/servicios\/metalmecanica\/","title":{"rendered":"Metalmec\u00e1nica"},"content":{"rendered":"\n<div class=\"wp-block-media-text is-stacked-on-mobile\" style=\"grid-template-columns:55% auto\"><figure class=\"wp-block-media-text__media\"><img loading=\"lazy\" decoding=\"async\" width=\"962\" height=\"725\" src=\"https:\/\/construccionesanaco.com\/home\/wp-content\/uploads\/Metalmecanica.png\" alt=\"\" class=\"wp-image-885 size-full\" srcset=\"https:\/\/construccionesanaco.com\/home\/wp-content\/uploads\/Metalmecanica.png 962w, https:\/\/construccionesanaco.com\/home\/wp-content\/uploads\/Metalmecanica-600x452.png 600w, https:\/\/construccionesanaco.com\/home\/wp-content\/uploads\/Metalmecanica-768x579.png 768w\" sizes=\"auto, (max-width: 962px) 100vw, 962px\" \/><\/figure><div class=\"wp-block-media-text__content\">\n<p class=\"justificado has-medium-font-size\">Proveer soluciones de ingenier\u00eda y fabricaci\u00f3n de alta calidad para la construcci\u00f3n, reparaci\u00f3n y mantenimiento de equipos y estructuras met\u00e1licas utilizadas en las operaciones de exploraci\u00f3n, producci\u00f3n, transporte y procesamiento de hidrocarburos.<\/p>\n<\/div><\/div>\n\n\n\n<div style=\"height:20px\" aria-hidden=\"true\" class=\"wp-block-spacer\"><\/div>\n\n\n\n<div class=\"wp-block-uagb-advanced-heading uagb-block-0c417c50\"><h2 class=\"uagb-heading-text\">Servicios<\/h2><\/div>\n\n\n\n<ul class=\"wp-block-list\">\n<li class=\"has-medium-font-size\">Fabricaci\u00f3n y montaje de estructuras para galpones.<\/li>\n\n\n\n<li class=\"has-medium-font-size\">Fabricaci\u00f3n de tr\u00e1iler para oficinas y dormitorios.<\/li>\n\n\n\n<li class=\"has-medium-font-size\">Fabricaci\u00f3n de estructuras met\u00e1licas en general.<\/li>\n\n\n\n<li class=\"has-medium-font-size\">Fabricaci\u00f3n de tanques abiertos y cerrados para almacenamiento de crudo Capacidad 500 Barriles.<\/li>\n\n\n\n<li class=\"has-medium-font-size\">Fabricaci\u00f3n de pirotubos.<\/li>\n\n\n\n<li class=\"justificado has-medium-font-size\">Fabricaci\u00f3n de cilindros para portarefractarios.<\/li>\n<\/ul>\n","protected":false},"excerpt":{"rendered":"<p>Proveer soluciones de ingenier\u00eda y fabricaci\u00f3n de alta calidad para la construcci\u00f3n, reparaci\u00f3n y mantenimiento de equipos y estructuras met\u00e1licas [&hellip;]<\/p>\n","protected":false},"author":1,"featured_media":0,"parent":21,"menu_order":0,"comment_status":"closed","ping_status":"closed","template":"","meta":{"om_disable_all_campaigns":false,"_uag_custom_page_level_css":"","_monsterinsights_skip_tracking":false,"_monsterinsights_sitenote_active":false,"_monsterinsights_sitenote_note":"","_monsterinsights_sitenote_category":0,"site-sidebar-layout":"default","site-content-layout":"","ast-site-content-layout":"default","site-content-style":"default","site-sidebar-style":"default","ast-global-header-display":"","ast-banner-title-visibility":"","ast-main-header-display":"","ast-hfb-above-header-display":"","ast-hfb-below-header-display":"","ast-hfb-mobile-header-display":"","site-post-title":"","ast-breadcrumbs-content":"","ast-featured-img":"","footer-sml-layout":"","ast-disable-related-posts":"","theme-transparent-header-meta":"","adv-header-id-meta":"","stick-header-meta":"","header-above-stick-meta":"","header-main-stick-meta":"","header-below-stick-meta":"","astra-migrate-meta-layouts":"default","ast-page-background-enabled":"default","ast-page-background-meta":{"desktop":{"background-color":"var(--ast-global-color-5)","background-image":"","background-repeat":"repeat","background-position":"center center","background-size":"auto","background-attachment":"scroll","background-type":"","background-media":"","overlay-type":"","overlay-color":"","overlay-opacity":"","overlay-gradient":""},"tablet":{"background-color":"","background-image":"","background-repeat":"repeat","background-position":"center center","background-size":"auto","background-attachment":"scroll","background-type":"","background-media":"","overlay-type":"","overlay-color":"","overlay-opacity":"","overlay-gradient":""},"mobile":{"background-color":"","background-image":"","background-repeat":"repeat","background-position":"center center","background-size":"auto","background-attachment":"scroll","background-type":"","background-media":"","overlay-type":"","overlay-color":"","overlay-opacity":"","overlay-gradient":""}},"ast-content-background-meta":{"desktop":{"background-color":"var(--ast-global-color-4)","background-image":"","background-repeat":"repeat","background-position":"center center","background-size":"auto","background-attachment":"scroll","background-type":"","background-media":"","overlay-type":"","overlay-color":"","overlay-opacity":"","overlay-gradient":""},"tablet":{"background-color":"var(--ast-global-color-4)","background-image":"","background-repeat":"repeat","background-position":"center center","background-size":"auto","background-attachment":"scroll","background-type":"","background-media":"","overlay-type":"","overlay-color":"","overlay-opacity":"","overlay-gradient":""},"mobile":{"background-color":"var(--ast-global-color-4)","background-image":"","background-repeat":"repeat","background-position":"center center","background-size":"auto","background-attachment":"scroll","background-type":"","background-media":"","overlay-type":"","overlay-color":"","overlay-opacity":"","overlay-gradient":""}},"footnotes":""},"class_list":["post-51","page","type-page","status-publish","hentry"],"aioseo_notices":[],"uagb_featured_image_src":{"full":false,"thumbnail":false,"medium":false,"medium_large":false,"large":false,"1536x1536":false,"2048x2048":false},"uagb_author_info":{"display_name":"Escalona","author_link":"https:\/\/construccionesanaco.com\/home\/author\/jonathan\/"},"uagb_comment_info":0,"uagb_excerpt":"Proveer soluciones de ingenier\u00eda y fabricaci\u00f3n de alta calidad para la construcci\u00f3n, reparaci\u00f3n y mantenimiento de equipos y estructuras met\u00e1licas [&hellip;]","_links":{"self":[{"href":"https:\/\/construccionesanaco.com\/home\/wp-json\/wp\/v2\/pages\/51","targetHints":{"allow":["GET"]}}],"collection":[{"href":"https:\/\/construccionesanaco.com\/home\/wp-json\/wp\/v2\/pages"}],"about":[{"href":"https:\/\/construccionesanaco.com\/home\/wp-json\/wp\/v2\/types\/page"}],"author":[{"embeddable":true,"href":"https:\/\/construccionesanaco.com\/home\/wp-json\/wp\/v2\/users\/1"}],"replies":[{"embeddable":true,"href":"https:\/\/construccionesanaco.com\/home\/wp-json\/wp\/v2\/comments?post=51"}],"version-history":[{"count":12,"href":"https:\/\/construccionesanaco.com\/home\/wp-json\/wp\/v2\/pages\/51\/revisions"}],"predecessor-version":[{"id":886,"href":"https:\/\/construccionesanaco.com\/home\/wp-json\/wp\/v2\/pages\/51\/revisions\/886"}],"up":[{"embeddable":true,"href":"https:\/\/construccionesanaco.com\/home\/wp-json\/wp\/v2\/pages\/21"}],"wp:attachment":[{"href":"https:\/\/construccionesanaco.com\/home\/wp-json\/wp\/v2\/media?parent=51"}],"curies":[{"name":"wp","href":"https:\/\/api.w.org\/{rel}","templated":true}]}}