{"id":49,"date":"2025-02-11T09:52:03","date_gmt":"2025-02-11T13:52:03","guid":{"rendered":"https:\/\/construccionesanaco.com\/home\/?page_id=49"},"modified":"2025-03-20T08:18:57","modified_gmt":"2025-03-20T12:18:57","slug":"instrumentacion","status":"publish","type":"page","link":"https:\/\/construccionesanaco.com\/home\/servicios\/instrumentacion\/","title":{"rendered":"Instrumentaci\u00f3n"},"content":{"rendered":"\n<div class=\"wp-block-media-text is-stacked-on-mobile\" style=\"grid-template-columns:55% auto\"><figure class=\"wp-block-media-text__media\"><img loading=\"lazy\" decoding=\"async\" width=\"800\" height=\"603\" src=\"https:\/\/construccionesanaco.com\/home\/wp-content\/uploads\/Instrumentacion_edited.jpg\" alt=\"\" class=\"wp-image-859 size-full\" srcset=\"https:\/\/construccionesanaco.com\/home\/wp-content\/uploads\/Instrumentacion_edited.jpg 800w, https:\/\/construccionesanaco.com\/home\/wp-content\/uploads\/Instrumentacion_edited-600x452.jpg 600w, https:\/\/construccionesanaco.com\/home\/wp-content\/uploads\/Instrumentacion_edited-768x579.jpg 768w\" sizes=\"auto, (max-width: 800px) 100vw, 800px\" \/><\/figure><div class=\"wp-block-media-text__content\">\n<p class=\"justificado has-medium-font-size\">Nuestros servicios buscan asegurar que las operaciones y procesos industriales de nuestros clientes se realicen de manera \u00f3ptima y segura, cumpliendo con los est\u00e1ndares de calidad y protecci\u00f3n ambiental. Proporcionando las herramientas y el conocimiento necesario para que puedan operar de manera segura, eficiente y sostenible.<\/p>\n<\/div><\/div>\n\n\n\n<div style=\"height:50px\" aria-hidden=\"true\" class=\"wp-block-spacer\"><\/div>\n\n\n\n<div class=\"wp-block-uagb-advanced-heading uagb-block-aa8e065a\"><h3 class=\"uagb-heading-text\">Servicios<\/h3><\/div>\n\n\n\n<ul class=\"wp-block-list justificado has-medium-font-size\">\n<li>Instalaci\u00f3n y reemplazo de sistemas de medici\u00f3n de flujo, nivel, presi\u00f3n y temperatura.<\/li>\n\n\n\n<li>Instalaci\u00f3n y reemplazo de v\u00e1lvulas, llaves y accesorios para l\u00edneas de tuber\u00edas de crudo y gas.<\/li>\n\n\n\n<li>Mantenimiento e instalaci\u00f3n de instrumentos de medici\u00f3n en plantas de procesos.<\/li>\n\n\n\n<li>Mantenimiento e Instalaci\u00f3n a Sistemas de Monitoreo y Control Bently Nevada.<\/li>\n\n\n\n<li>Mantenimiento e instalaci\u00f3n de v\u00e1lvulas de control.<\/li>\n<\/ul>\n\n\n\n<p><\/p>\n","protected":false},"excerpt":{"rendered":"<p>Nuestros servicios buscan asegurar que las operaciones y procesos industriales de nuestros clientes se realicen de manera \u00f3ptima y segura, [&hellip;]<\/p>\n","protected":false},"author":1,"featured_media":0,"parent":21,"menu_order":0,"comment_status":"closed","ping_status":"closed","template":"","meta":{"om_disable_all_campaigns":false,"_uag_custom_page_level_css":"","_monsterinsights_skip_tracking":false,"_monsterinsights_sitenote_active":false,"_monsterinsights_sitenote_note":"","_monsterinsights_sitenote_category":0,"site-sidebar-layout":"default","site-content-layout":"","ast-site-content-layout":"default","site-content-style":"default","site-sidebar-style":"default","ast-global-header-display":"","ast-banner-title-visibility":"","ast-main-header-display":"","ast-hfb-above-header-display":"","ast-hfb-below-header-display":"","ast-hfb-mobile-header-display":"","site-post-title":"","ast-breadcrumbs-content":"","ast-featured-img":"","footer-sml-layout":"","ast-disable-related-posts":"","theme-transparent-header-meta":"","adv-header-id-meta":"","stick-header-meta":"","header-above-stick-meta":"","header-main-stick-meta":"","header-below-stick-meta":"","astra-migrate-meta-layouts":"default","ast-page-background-enabled":"default","ast-page-background-meta":{"desktop":{"background-color":"var(--ast-global-color-5)","background-image":"","background-repeat":"repeat","background-position":"center center","background-size":"auto","background-attachment":"scroll","background-type":"","background-media":"","overlay-type":"","overlay-color":"","overlay-opacity":"","overlay-gradient":""},"tablet":{"background-color":"","background-image":"","background-repeat":"repeat","background-position":"center center","background-size":"auto","background-attachment":"scroll","background-type":"","background-media":"","overlay-type":"","overlay-color":"","overlay-opacity":"","overlay-gradient":""},"mobile":{"background-color":"","background-image":"","background-repeat":"repeat","background-position":"center center","background-size":"auto","background-attachment":"scroll","background-type":"","background-media":"","overlay-type":"","overlay-color":"","overlay-opacity":"","overlay-gradient":""}},"ast-content-background-meta":{"desktop":{"background-color":"var(--ast-global-color-4)","background-image":"","background-repeat":"repeat","background-position":"center center","background-size":"auto","background-attachment":"scroll","background-type":"","background-media":"","overlay-type":"","overlay-color":"","overlay-opacity":"","overlay-gradient":""},"tablet":{"background-color":"var(--ast-global-color-4)","background-image":"","background-repeat":"repeat","background-position":"center center","background-size":"auto","background-attachment":"scroll","background-type":"","background-media":"","overlay-type":"","overlay-color":"","overlay-opacity":"","overlay-gradient":""},"mobile":{"background-color":"var(--ast-global-color-4)","background-image":"","background-repeat":"repeat","background-position":"center center","background-size":"auto","background-attachment":"scroll","background-type":"","background-media":"","overlay-type":"","overlay-color":"","overlay-opacity":"","overlay-gradient":""}},"footnotes":""},"class_list":["post-49","page","type-page","status-publish","hentry"],"aioseo_notices":[],"uagb_featured_image_src":{"full":false,"thumbnail":false,"medium":false,"medium_large":false,"large":false,"1536x1536":false,"2048x2048":false},"uagb_author_info":{"display_name":"Escalona","author_link":"https:\/\/construccionesanaco.com\/home\/author\/jonathan\/"},"uagb_comment_info":0,"uagb_excerpt":"Nuestros servicios buscan asegurar que las operaciones y procesos industriales de nuestros clientes se realicen de manera \u00f3ptima y segura, [&hellip;]","_links":{"self":[{"href":"https:\/\/construccionesanaco.com\/home\/wp-json\/wp\/v2\/pages\/49","targetHints":{"allow":["GET"]}}],"collection":[{"href":"https:\/\/construccionesanaco.com\/home\/wp-json\/wp\/v2\/pages"}],"about":[{"href":"https:\/\/construccionesanaco.com\/home\/wp-json\/wp\/v2\/types\/page"}],"author":[{"embeddable":true,"href":"https:\/\/construccionesanaco.com\/home\/wp-json\/wp\/v2\/users\/1"}],"replies":[{"embeddable":true,"href":"https:\/\/construccionesanaco.com\/home\/wp-json\/wp\/v2\/comments?post=49"}],"version-history":[{"count":5,"href":"https:\/\/construccionesanaco.com\/home\/wp-json\/wp\/v2\/pages\/49\/revisions"}],"predecessor-version":[{"id":860,"href":"https:\/\/construccionesanaco.com\/home\/wp-json\/wp\/v2\/pages\/49\/revisions\/860"}],"up":[{"embeddable":true,"href":"https:\/\/construccionesanaco.com\/home\/wp-json\/wp\/v2\/pages\/21"}],"wp:attachment":[{"href":"https:\/\/construccionesanaco.com\/home\/wp-json\/wp\/v2\/media?parent=49"}],"curies":[{"name":"wp","href":"https:\/\/api.w.org\/{rel}","templated":true}]}}